{"id":1523,"date":"2025-07-04T13:53:21","date_gmt":"2025-07-04T11:53:21","guid":{"rendered":"https:\/\/www.vdes-alliance.org\/?page_id=1523"},"modified":"2026-02-10T12:40:54","modified_gmt":"2026-02-10T10:40:54","slug":"vdes-ressources","status":"publish","type":"page","link":"https:\/\/www.vdes-alliance.org\/index.php\/vdes-ressources\/","title":{"rendered":"VDES Resources"},"content":{"rendered":"\n<h3 class=\"wp-block-heading\">VDES Alliance External Resources:<\/h3>\n\n\n\n<figure class=\"wp-block-table\"><table class=\"has-fixed-layout\"><tbody><tr><td><strong>Resource<\/strong><\/td><td><strong>Purpose<\/strong><\/td><td><strong>Link<\/strong><\/td><\/tr><tr><td>G-1001 Guideline<\/td><td>Definition, assignment, and use of VDES satellite details<\/td><td><a href=\"https:\/\/www.vdes-alliance.org\/wp-content\/uploads\/2024\/02\/G-1001_Guideline-on-VDES-satellite-details.pdf\">VDES Alliance<\/a><\/td><\/tr><tr><td>G-1002 Guideline<\/td><td>Coordinated use of satellite VDES frequencies, Logical Channels and spreading code among satellite VDES operators<\/td><td><a href=\"https:\/\/www.vdes-alliance.org\/wp-content\/uploads\/2025\/06\/G-1002_Guideline_on_coordinated_use_of_satellite_VDES_frequencies_Logical_Channels_and_spreading_code_among_satellite_VDES_operators.pdf\">VDES Alliance<\/a><\/td><\/tr><tr><td>VDE-SAT registration<\/td><td>How to list your satellite<\/td><td><a href=\"https:\/\/www.vdes-alliance.org\/wp-content\/uploads\/2025\/05\/20250505_VDE-SAT_list-2.pdf\">VDES Alliance<\/a><\/td><\/tr><\/tbody><\/table><\/figure>\n\n\n\n<h3 class=\"wp-block-heading\">VDES Alliance Internal Resources:<\/h3>\n\n\n\n<figure class=\"wp-block-table\"><table class=\"has-fixed-layout\"><tbody><tr><td><strong>Resource<\/strong><\/td><td><strong>Link<\/strong><\/td><\/tr><tr><td>Board Members page<\/td><td><a href=\"https:\/\/vdesalliancemail.sharepoint.com\/sites\/BoardMembers\/Shared%20Documents\/Forms\/AllItems.aspx?viewid=e66aed9b%2Dc8a7%2D485b%2D9534%2D6b23aa8e4e94\">Board Members<\/a><\/td><\/tr><tr><td>Contributing Members page<\/td><td><a href=\"https:\/\/vdesalliancemail.sharepoint.com\/sites\/VDESAllianceContributingMembers\">Contributing Members<\/a><\/td><\/tr><tr><td>Working Groups repository<\/td><td><a href=\"https:\/\/vdesalliancemail.sharepoint.com\/sites\/VDESAllianceContributingMembers\/Shared%20Documents\/Forms\/AllItems.aspx?id=%2Fsites%2FVDESAllianceContributingMembers%2FShared%20Documents%2F30%5FWorking%5FGroups&amp;viewid=e66aed9b%2Dc8a7%2D485b%2D9534%2D6b23aa8e4e94\">WGs<\/a><\/td><\/tr><\/tbody><\/table><\/figure>\n\n\n\n<h3 class=\"wp-block-heading\">Other VDES Resources:<\/h3>\n\n\n\n<figure class=\"wp-block-table\"><table class=\"has-fixed-layout\"><tbody><tr><td><strong>Resource<\/strong><\/td><td><strong>Purpose<\/strong><\/td><td><strong>Link<\/strong><\/td><\/tr><tr><td>ITU-R M.2092-1<\/td><td>VDES Radio Link Specification<\/td><td><a href=\"https:\/\/www.itu.int\/rec\/R-REC-M.2092-1-202202-I\/en\">ITU<\/a><\/td><\/tr><tr><td>IALA R1007<\/td><td>Recommendation on VDES for shore<\/td><td><a href=\"https:\/\/www.iala.int\/product\/r1007\/\">IALA<\/a><\/td><\/tr><tr><td>IALA R1023<\/td><td>Recommendation on Maritime Resource Names<\/td><td><a href=\"https:\/\/www.iala.int\/content\/uploads\/2022\/09\/R1023-Ed1.0-Maritime-Resource-Names-June-2022.pdf\">IALA<\/a><\/td><\/tr><tr><td>IALA Guideline G1117<\/td><td>VDES Applications and Overview<\/td><td><a href=\"https:\/\/www.iala.int\/product\/g1117\/\">IALA<\/a><\/td><\/tr><tr><td>IALA Guideline G1143<\/td><td>Unique Identifiers for Maritime Resources<\/td><td><a href=\"https:\/\/www.iala.int\/content\/uploads\/2021\/09\/G1143-Unique-Identifiers-for-Maritime-Resources-Ed2.0-December-2020.pdf\">IALA<\/a><\/td><\/tr><tr><td>IALA Guideline G1158<\/td><td>VDES R-mode<\/td><td><a href=\"https:\/\/www.iala.int\/product\/g1158\/\">IALA<\/a><\/td><\/tr><tr><td>IALA Guideline G1181<\/td><td>VDES Integrity Monitoring<\/td><td><a href=\"https:\/\/www.iala.int\/product\/g1181-vdes-vdl-integrity-monitoring\/\">IALA<\/a><\/td><\/tr><tr><td>IALA Guideline G1192<\/td><td>VDES Authentication<br>(AtoN Auth with VDE)<\/td><td><a href=\"https:\/\/www.iala.int\/product\/g1192\/\">IALA<\/a><\/td><\/tr><tr><td>IALA Guideline G1193<\/td><td>VDES Measurements<\/td><td><a href=\"https:\/\/www.iala.int\/product\/g1193\/\">IALA<\/a><\/td><\/tr><tr><td>MCP Concept<\/td><td>Explaining the Maritime Connectivity Platform<\/td><td><a href=\"https:\/\/maritimeconnectivity.net\/wp-content\/uploads\/2023\/02\/MCP-Concept-v2.pdf\">MCP<\/a><\/td><\/tr><tr><td>MCP MIR =<br>IALA Guideline G1183<\/td><td>Maritime Identity Registry<\/td><td><a href=\"https:\/\/www.iala-aism.org\/product\/g1183-provison-of-mcp-identities\/\">IALA<\/a><\/td><\/tr><tr><td>MCP MSR =<br>IALA Guideline G1191<\/td><td>Maritime Service Registry<\/td><td><a href=\"https:\/\/www.iala.int\/product\/g1191\/\">IALA<\/a><\/td><\/tr><tr><td>MCP MMS<br>= RTCM 13900.0<\/td><td>Maritime Messaging Service merging the MCP with VDES<\/td><td><a href=\"https:\/\/rtcm.myshopify.com\/collections\/maritime-communication-standards\/products\/rtcm-13900-0-for-maritime-messaging-service-architecture-protocol\">RTCM 13900.0<\/a><br><br><a href=\"https:\/\/maritimeconnectivity.net\/wp-content\/uploads\/2024\/11\/MMS_Spec_draft.pdf\">MCP (draft)<\/a><\/td><\/tr><tr><td>IEC 63173-2 SECOM<\/td><td>Secure Communication between Ships and Shore<\/td><td><a href=\"https:\/\/webstore.iec.ch\/en\/publication\/64543\">IEC<\/a><\/td><\/tr><tr><td>IEC 61162-450<\/td><td>Maritime navigation and radiocommunication equipment and systems &#8211; Digital interfaces &#8211; Part 450: Multiple talkers and multiple listeners &#8211; Ethernet interconnection<\/td><td><a href=\"https:\/\/webstore.iec.ch\/en\/publication\/93756\">IEC<\/a><\/td><\/tr><tr><td>IEC 61162-460<\/td><td>Maritime navigation and radiocommunication equipment and systems &#8211; Digital interfaces &#8211; Part 460: Multiple talkers and multiple listeners &#8211; Ethernet interconnection &#8211; Safety and security<\/td><td><a href=\"https:\/\/webstore.iec.ch\/en\/publication\/93774\">IEC<\/a><\/td><\/tr><\/tbody><\/table><\/figure>\n\n\n\n<h3 class=\"wp-block-heading\">Publications and scientific papers of significance:<\/h3>\n\n\n\n<ul class=\"wp-block-list\">\n<li>A Pragmatic Approach to VDES Authentication, Gareth Wimpenny Francisco L\u00e1zaro Jan \u0160af\u00e1\u0159, and Ronald Raulefs: <a href=\"https:\/\/navi.ion.org\/content\/72\/1\/navi.681#:~:text=VDES%20builds%20on%20the%20experience,wider%20bandwidth%20than%20the%20AIS.\">link<\/a><\/li>\n<\/ul>\n","protected":false},"excerpt":{"rendered":"<p>VDES Alliance External Resources: Resource Purpose Link G-1001 Guideline Definition, assignment, and use of VDES satellite details VDES Alliance G-1002 Guideline Coordinated use of satellite VDES frequencies, Logical Channels and spreading code among satellite VDES operators VDES Alliance VDE-SAT registration How to list your satellite VDES Alliance VDES Alliance Internal Resources: Resource Link Board Members [&hellip;]<\/p>\n","protected":false},"author":1,"featured_media":0,"parent":0,"menu_order":0,"comment_status":"closed","ping_status":"closed","template":"","meta":{"footnotes":""},"class_list":["post-1523","page","type-page","status-publish","hentry"],"_links":{"self":[{"href":"https:\/\/www.vdes-alliance.org\/index.php\/wp-json\/wp\/v2\/pages\/1523","targetHints":{"allow":["GET"]}}],"collection":[{"href":"https:\/\/www.vdes-alliance.org\/index.php\/wp-json\/wp\/v2\/pages"}],"about":[{"href":"https:\/\/www.vdes-alliance.org\/index.php\/wp-json\/wp\/v2\/types\/page"}],"author":[{"embeddable":true,"href":"https:\/\/www.vdes-alliance.org\/index.php\/wp-json\/wp\/v2\/users\/1"}],"replies":[{"embeddable":true,"href":"https:\/\/www.vdes-alliance.org\/index.php\/wp-json\/wp\/v2\/comments?post=1523"}],"version-history":[{"count":11,"href":"https:\/\/www.vdes-alliance.org\/index.php\/wp-json\/wp\/v2\/pages\/1523\/revisions"}],"predecessor-version":[{"id":1619,"href":"https:\/\/www.vdes-alliance.org\/index.php\/wp-json\/wp\/v2\/pages\/1523\/revisions\/1619"}],"wp:attachment":[{"href":"https:\/\/www.vdes-alliance.org\/index.php\/wp-json\/wp\/v2\/media?parent=1523"}],"curies":[{"name":"wp","href":"https:\/\/api.w.org\/{rel}","templated":true}]}}